{"id":186,"date":"2020-05-21T19:47:11","date_gmt":"2020-05-21T17:47:11","guid":{"rendered":"http:\/\/www.asoo.hr\/en\/?page_id=186"},"modified":"2024-01-02T15:54:18","modified_gmt":"2024-01-02T14:54:18","slug":"contacts","status":"publish","type":"page","link":"https:\/\/www.asoo.hr\/en\/about-the-agency\/contact\/contacts\/","title":{"rendered":"Contacts"},"content":{"rendered":"<p><strong>Agency for Vocational Education and Training and Adult Education<\/strong><\/p>\n<p>Address: Gari\u0107gradska 18, 10 000 Zagreb, Croatia<br \/>\nTelephone: +385 1 62 74 666<br \/>\nFax: +385 1 62 74 606<br \/>\nEmail: <a href=\"m&#97;&#x69;&#x6c;&#x74;o&#58;&#x75;&#x72;&#x65;d&#64;&#x61;&#x73;&#x6f;o&#46;&#x68;&#x72;\">&#117;&#x72;&#x65;&#100;&#x40;&#x61;&#115;&#x6f;&#x6f;&#46;&#x68;&#x72;<\/a><\/p>\n<p><strong>\u00a0<\/strong><\/p>\n<p><strong>Office of the Director<\/strong><\/p>\n<p>Mile \u017div\u010di\u0107, Director<br \/>\n+385 1 62 74 603, <a href=\"m&#97;&#x69;&#x6c;&#x74;o&#58;&#x75;&#x72;&#x65;d&#64;&#x61;&#x73;&#x6f;o&#46;&#x68;&#x72;\">u&#114;&#x65;&#x64;&#64;&#97;&#x73;&#x6f;o&#46;&#104;&#x72;<\/a><\/p>\n<p>&nbsp;<\/p>\n<p><strong>Department of European Affairs, International Cooperation and Projects<\/strong><\/p>\n<p>Nino Bui\u0107, Assistant Director for European Affairs, International Cooperation and Projects<br \/>\n+385 1 62 74 670, <a href=\"&#109;&#x61;i&#x6c;&#x74;&#111;&#x3a;n&#x69;&#x6e;&#111;&#x2e;b&#x75;&#x69;&#99;&#x40;a&#x73;&#x6f;&#111;&#x2e;h&#x72;\">n&#105;&#110;&#x6f;&#x2e;&#x62;&#x75;i&#99;&#64;&#97;&#x73;&#x6f;&#x6f;&#46;h&#114;<\/a><\/p>\n<p>&nbsp;<\/p>\n<p><strong>Section for recognition of Foreign School Qualifications <\/strong><\/p>\n<p>+ 385 1 6126 780, <a href=\"&#x6d;&#x61;&#x69;&#x6c;&#x74;&#111;&#58;&#105;&#110;oze&#x6d;&#x6e;&#x65;&#x2e;&#x6b;&#x76;&#97;&#108;&#105;fik&#x61;&#x63;&#x69;&#x6a;&#x65;&#x40;&#97;&#115;&#111;&#111;&#46;hr\">&#x69;&#x6e;&#x6f;&#x7a;&#x65;&#109;&#110;&#101;&#46;kva&#x6c;&#x69;&#x66;&#x69;&#x6b;&#x61;&#99;&#105;&#106;e&#64;a&#x73;&#x6f;&#x6f;&#x2e;&#x68;&#x72;<\/a><\/p>\n","protected":false},"excerpt":{"rendered":"<p>Agency for Vocational Education and Training and Adult Education Address: Gari\u0107gradska 18, 10 000 Zagreb, Croatia Telephone: +385 1 62 [&hellip;]<\/p>\n","protected":false},"author":1,"featured_media":0,"parent":182,"menu_order":10,"comment_status":"closed","ping_status":"closed","template":"","meta":{"_monsterinsights_skip_tracking":false,"_monsterinsights_sitenote_active":false,"_monsterinsights_sitenote_note":"","_monsterinsights_sitenote_category":0,"footnotes":""},"kategorija":[],"class_list":["post-186","page","type-page","status-publish","hentry"],"_links":{"self":[{"href":"https:\/\/www.asoo.hr\/en\/wp-json\/wp\/v2\/pages\/186","targetHints":{"allow":["GET"]}}],"collection":[{"href":"https:\/\/www.asoo.hr\/en\/wp-json\/wp\/v2\/pages"}],"about":[{"href":"https:\/\/www.asoo.hr\/en\/wp-json\/wp\/v2\/types\/page"}],"author":[{"embeddable":true,"href":"https:\/\/www.asoo.hr\/en\/wp-json\/wp\/v2\/users\/1"}],"replies":[{"embeddable":true,"href":"https:\/\/www.asoo.hr\/en\/wp-json\/wp\/v2\/comments?post=186"}],"version-history":[{"count":4,"href":"https:\/\/www.asoo.hr\/en\/wp-json\/wp\/v2\/pages\/186\/revisions"}],"predecessor-version":[{"id":826,"href":"https:\/\/www.asoo.hr\/en\/wp-json\/wp\/v2\/pages\/186\/revisions\/826"}],"up":[{"embeddable":true,"href":"https:\/\/www.asoo.hr\/en\/wp-json\/wp\/v2\/pages\/182"}],"wp:attachment":[{"href":"https:\/\/www.asoo.hr\/en\/wp-json\/wp\/v2\/media?parent=186"}],"wp:term":[{"taxonomy":"kategorija","embeddable":true,"href":"https:\/\/www.asoo.hr\/en\/wp-json\/wp\/v2\/kategorija?post=186"}],"curies":[{"name":"wp","href":"https:\/\/api.w.org\/{rel}","templated":true}]}}